{"id":43,"date":"2014-10-15T12:22:08","date_gmt":"2014-10-15T12:22:08","guid":{"rendered":"http:\/\/megarentall.com.br\/?page_id=43"},"modified":"2014-11-03T19:44:17","modified_gmt":"2014-11-03T19:44:17","slug":"sonorizacao-line","status":"publish","type":"page","link":"https:\/\/megarentall.com.br\/index.php\/sonorizacao-line\/","title":{"rendered":"Sonoriza\u00e7\u00e3o Line"},"content":{"rendered":"<p><img loading=\"lazy\" decoding=\"async\" class=\"alignnone size-full wp-image-130\" alt=\"TIT-PNG_SONORIZ_LINE\" src=\"http:\/\/megarentall.com.br\/wp-content\/uploads\/2014\/10\/TIT-PNG_SONORIZ_LINE.png\" width=\"930\" height=\"104\" srcset=\"https:\/\/megarentall.com.br\/wp-content\/uploads\/2014\/10\/TIT-PNG_SONORIZ_LINE.png 930w, https:\/\/megarentall.com.br\/wp-content\/uploads\/2014\/10\/TIT-PNG_SONORIZ_LINE-300x33.png 300w, https:\/\/megarentall.com.br\/wp-content\/uploads\/2014\/10\/TIT-PNG_SONORIZ_LINE-250x27.png 250w, https:\/\/megarentall.com.br\/wp-content\/uploads\/2014\/10\/TIT-PNG_SONORIZ_LINE-150x16.png 150w\" sizes=\"(max-width: 930px) 100vw, 930px\" \/><\/p>\n<p><strong><em>O que \u00e9 Sonoriza\u00e7\u00e3o Line?<\/em><\/strong><\/p>\n<p style=\"text-align: justify;\">Quando falamos de Sonoriza\u00e7\u00e3o Line estamos fazendo refer\u00eancia aquelas tripas de varias caixas ac\u00fasticas que ficam penduradas ao lado de um palco. O nome <em>LINE ARRAY<\/em> vem de <em>ARRANJO LINEAR<\/em>, que \u00e9 a forma com os alto-falantes est\u00e3o organizados nessas tripas, ou seja, existe uma linha formada pelos mesmos.<\/p>\n<p style=\"text-align: justify;\"><img loading=\"lazy\" decoding=\"async\" class=\"aligncenter size-full wp-image-183\" alt=\"__CAIXAS\" src=\"http:\/\/megarentall.com.br\/wp-content\/uploads\/2014\/10\/CAIXAS.jpg\" width=\"558\" height=\"320\" srcset=\"https:\/\/megarentall.com.br\/wp-content\/uploads\/2014\/10\/CAIXAS.jpg 558w, https:\/\/megarentall.com.br\/wp-content\/uploads\/2014\/10\/CAIXAS-300x172.jpg 300w, https:\/\/megarentall.com.br\/wp-content\/uploads\/2014\/10\/CAIXAS-250x143.jpg 250w, https:\/\/megarentall.com.br\/wp-content\/uploads\/2014\/10\/CAIXAS-150x86.jpg 150w\" sizes=\"(max-width: 558px) 100vw, 558px\" \/><\/p>\n<p style=\"text-align: justify;\">Observamos na figura acima que numa instala\u00e7\u00e3o convencional existem pontos de interfer\u00eancia, ocasionando uma <strong><em>intera\u00e7\u00e3o destrutiva<\/em><\/strong> na inteligibilidade, ou seja causa dificuldade na produ\u00e7\u00e3o um som n\u00edtido.<\/p>\n<p style=\"text-align: justify;\">A proposta de um Line Array \u00e9 fazer com que a frente sonora seja \u00fanica em toda superf\u00edcie de propaga\u00e7\u00e3o &#8211;<strong><em> intera\u00e7\u00e3o construtiva<\/em><\/strong>.<\/p>\n<p style=\"text-align: justify;\">Ao ouvir uma sonoriza\u00e7\u00e3o com um sistema Line Array bem constru\u00eddo a diferen\u00e7a de qualidade \u00e9 bem significativa, notamos que o som \u00e9 limpo, transparente e r\u00e1pido em rela\u00e7\u00e3o aos sistemas convencionais, o que se traduz em um enorme aumento de efici\u00eancia com a mesma pot\u00eancia el\u00e9trica.<\/p>\n<p style=\"text-align: justify;\"><strong><em>FOTOS ILUSTRATIVAS<\/em><\/strong><\/p>\n<p style=\"text-align: justify;\"><img loading=\"lazy\" decoding=\"async\" class=\"aligncenter size-full wp-image-196\" alt=\"SONO_LINE\" src=\"http:\/\/megarentall.com.br\/wp-content\/uploads\/2014\/10\/SONO_LINE.jpg\" width=\"820\" height=\"395\" srcset=\"https:\/\/megarentall.com.br\/wp-content\/uploads\/2014\/10\/SONO_LINE.jpg 820w, https:\/\/megarentall.com.br\/wp-content\/uploads\/2014\/10\/SONO_LINE-300x144.jpg 300w, https:\/\/megarentall.com.br\/wp-content\/uploads\/2014\/10\/SONO_LINE-250x120.jpg 250w, https:\/\/megarentall.com.br\/wp-content\/uploads\/2014\/10\/SONO_LINE-150x72.jpg 150w\" sizes=\"(max-width: 820px) 100vw, 820px\" \/><\/p>\n","protected":false},"excerpt":{"rendered":"<p>O que \u00e9 Sonoriza\u00e7\u00e3o Line? Quando falamos de Sonoriza\u00e7\u00e3o Line estamos fazendo refer\u00eancia aquelas tripas de varias caixas ac\u00fasticas que ficam penduradas ao lado de um palco. O nome LINE ARRAY vem de ARRANJO LINEAR, que \u00e9 a forma com os alto-falantes est\u00e3o organizados nessas tripas, ou seja, existe uma \u2026 <a href=\"https:\/\/megarentall.com.br\/index.php\/sonorizacao-line\/\"> Continue reading <span class=\"meta-nav\">&rarr; <\/span><\/a><\/p>\n","protected":false},"author":1,"featured_media":0,"parent":0,"menu_order":15,"comment_status":"closed","ping_status":"closed","template":"template-onecolumn.php","meta":{"footnotes":""},"_links":{"self":[{"href":"https:\/\/megarentall.com.br\/index.php\/wp-json\/wp\/v2\/pages\/43"}],"collection":[{"href":"https:\/\/megarentall.com.br\/index.php\/wp-json\/wp\/v2\/pages"}],"about":[{"href":"https:\/\/megarentall.com.br\/index.php\/wp-json\/wp\/v2\/types\/page"}],"author":[{"embeddable":true,"href":"https:\/\/megarentall.com.br\/index.php\/wp-json\/wp\/v2\/users\/1"}],"replies":[{"embeddable":true,"href":"https:\/\/megarentall.com.br\/index.php\/wp-json\/wp\/v2\/comments?post=43"}],"version-history":[{"count":9,"href":"https:\/\/megarentall.com.br\/index.php\/wp-json\/wp\/v2\/pages\/43\/revisions"}],"predecessor-version":[{"id":197,"href":"https:\/\/megarentall.com.br\/index.php\/wp-json\/wp\/v2\/pages\/43\/revisions\/197"}],"wp:attachment":[{"href":"https:\/\/megarentall.com.br\/index.php\/wp-json\/wp\/v2\/media?parent=43"}],"curies":[{"name":"wp","href":"https:\/\/api.w.org\/{rel}","templated":true}]}}