{"id":37,"date":"2014-10-15T12:20:42","date_gmt":"2014-10-15T12:20:42","guid":{"rendered":"http:\/\/megarentall.com.br\/?page_id=37"},"modified":"2014-11-03T16:49:34","modified_gmt":"2014-11-03T16:49:34","slug":"videowall","status":"publish","type":"page","link":"https:\/\/megarentall.com.br\/index.php\/videowall\/","title":{"rendered":"Videowall"},"content":{"rendered":"<p><img loading=\"lazy\" decoding=\"async\" class=\"alignnone size-full wp-image-124\" alt=\"TIT-PNG_VIDEOWALL\" src=\"http:\/\/megarentall.com.br\/wp-content\/uploads\/2014\/10\/TIT-PNG_VIDEOWALL.png\" width=\"930\" height=\"104\" srcset=\"https:\/\/megarentall.com.br\/wp-content\/uploads\/2014\/10\/TIT-PNG_VIDEOWALL.png 930w, https:\/\/megarentall.com.br\/wp-content\/uploads\/2014\/10\/TIT-PNG_VIDEOWALL-300x33.png 300w, https:\/\/megarentall.com.br\/wp-content\/uploads\/2014\/10\/TIT-PNG_VIDEOWALL-250x27.png 250w, https:\/\/megarentall.com.br\/wp-content\/uploads\/2014\/10\/TIT-PNG_VIDEOWALL-150x16.png 150w\" sizes=\"(max-width: 930px) 100vw, 930px\" \/><\/p>\n<p><strong><em>O que \u00e9 Video Wall?<\/em><\/strong><\/p>\n<p style=\"text-align: justify;\">Video Wall \u00e9 uma estrutura elaborada e montada com diversos monitores &#8211; geralmente se utiliza monitores <em><strong>LFD<\/strong><\/em> (<em>veja abaixo a defini\u00e7\u00e3o<\/em>) nestas montagens. Podem trabalhar individualmente ou em conjunto formando video walls. Uma nova linha de monitores LFD interativos (com touch screen) tamb\u00e9m j\u00e1 est\u00e1 dispon\u00edvel no mercado.<\/p>\n<p style=\"text-align: justify;\">Esta estrutura tem como objetivo virar um grande display de v\u00eddeo (<em>em forma de matriz<\/em>) combinando os monitores de uma forma que uma grande imagem se forme.<\/p>\n<p style=\"text-align: justify;\">Atualmente os v\u00eddeo walls tem sido muito utilizados em grandes eventos, shows, bares, boates e salas de monitoramento tais como: CET, Pol\u00edcia militar, ex\u00e9rcito, etc., e tamb\u00e9m para divulgar produtos e fazer publicidade em lojas e departamentos<\/p>\n<p style=\"text-align: justify;\"><strong><em>O que \u00e9 um monitor LFD?<\/em><\/strong><\/p>\n<p style=\"text-align: justify;\">O monitor LFD \u00e9 um subtipo de monitor para uso profissional. Os monitores <strong>LFD<\/strong> (Large Format Display) atualmente podem ser de duas tecnologias:<\/p>\n<ul>\n<li><em><strong>LFD<\/strong><\/em> (LCD Industrial)<\/li>\n<li><em><strong>LFD-LED<\/strong><\/em> (LCD Industrial com Backlight LED)<\/li>\n<\/ul>\n<p style=\"text-align: justify;\">S\u00e3o monitores profissionais desenvolvidos para ter como principal foco ficar ligado por um longo per\u00edodo de tempo.<\/p>\n<p><em><strong>FOTOS ILUSTRATIVAS<\/strong><\/em><\/p>\n<p><img loading=\"lazy\" decoding=\"async\" class=\"aligncenter size-full wp-image-169\" alt=\"_FIG_VIDEO_WALL_01\" src=\"http:\/\/megarentall.com.br\/wp-content\/uploads\/2014\/10\/FIG_VIDEO_WALL_01.jpg\" width=\"920\" height=\"309\" srcset=\"https:\/\/megarentall.com.br\/wp-content\/uploads\/2014\/10\/FIG_VIDEO_WALL_01.jpg 920w, https:\/\/megarentall.com.br\/wp-content\/uploads\/2014\/10\/FIG_VIDEO_WALL_01-300x100.jpg 300w, https:\/\/megarentall.com.br\/wp-content\/uploads\/2014\/10\/FIG_VIDEO_WALL_01-250x83.jpg 250w, https:\/\/megarentall.com.br\/wp-content\/uploads\/2014\/10\/FIG_VIDEO_WALL_01-150x50.jpg 150w\" sizes=\"(max-width: 920px) 100vw, 920px\" \/><\/p>\n<p><img loading=\"lazy\" decoding=\"async\" class=\"aligncenter size-full wp-image-170\" alt=\"_FIG_VIDEO_WALL_02\" src=\"http:\/\/megarentall.com.br\/wp-content\/uploads\/2014\/10\/FIG_VIDEO_WALL_02.jpg\" width=\"920\" height=\"309\" srcset=\"https:\/\/megarentall.com.br\/wp-content\/uploads\/2014\/10\/FIG_VIDEO_WALL_02.jpg 920w, https:\/\/megarentall.com.br\/wp-content\/uploads\/2014\/10\/FIG_VIDEO_WALL_02-300x100.jpg 300w, https:\/\/megarentall.com.br\/wp-content\/uploads\/2014\/10\/FIG_VIDEO_WALL_02-250x83.jpg 250w, https:\/\/megarentall.com.br\/wp-content\/uploads\/2014\/10\/FIG_VIDEO_WALL_02-150x50.jpg 150w\" sizes=\"(max-width: 920px) 100vw, 920px\" \/><\/p>\n<p>&nbsp;<\/p>\n","protected":false},"excerpt":{"rendered":"<p>O que \u00e9 Video Wall? Video Wall \u00e9 uma estrutura elaborada e montada com diversos monitores &#8211; geralmente se utiliza monitores LFD (veja abaixo a defini\u00e7\u00e3o) nestas montagens. Podem trabalhar individualmente ou em conjunto formando video walls. Uma nova linha de monitores LFD interativos (com touch screen) tamb\u00e9m j\u00e1 est\u00e1 \u2026 <a href=\"https:\/\/megarentall.com.br\/index.php\/videowall\/\"> Continue reading <span class=\"meta-nav\">&rarr; <\/span><\/a><\/p>\n","protected":false},"author":1,"featured_media":0,"parent":0,"menu_order":12,"comment_status":"closed","ping_status":"closed","template":"template-onecolumn.php","meta":{"footnotes":""},"_links":{"self":[{"href":"https:\/\/megarentall.com.br\/index.php\/wp-json\/wp\/v2\/pages\/37"}],"collection":[{"href":"https:\/\/megarentall.com.br\/index.php\/wp-json\/wp\/v2\/pages"}],"about":[{"href":"https:\/\/megarentall.com.br\/index.php\/wp-json\/wp\/v2\/types\/page"}],"author":[{"embeddable":true,"href":"https:\/\/megarentall.com.br\/index.php\/wp-json\/wp\/v2\/users\/1"}],"replies":[{"embeddable":true,"href":"https:\/\/megarentall.com.br\/index.php\/wp-json\/wp\/v2\/comments?post=37"}],"version-history":[{"count":4,"href":"https:\/\/megarentall.com.br\/index.php\/wp-json\/wp\/v2\/pages\/37\/revisions"}],"predecessor-version":[{"id":171,"href":"https:\/\/megarentall.com.br\/index.php\/wp-json\/wp\/v2\/pages\/37\/revisions\/171"}],"wp:attachment":[{"href":"https:\/\/megarentall.com.br\/index.php\/wp-json\/wp\/v2\/media?parent=37"}],"curies":[{"name":"wp","href":"https:\/\/api.w.org\/{rel}","templated":true}]}}