{"id":35,"date":"2014-10-15T12:20:16","date_gmt":"2014-10-15T12:20:16","guid":{"rendered":"http:\/\/megarentall.com.br\/?page_id=35"},"modified":"2014-11-03T16:43:28","modified_gmt":"2014-11-03T16:43:28","slug":"informatica","status":"publish","type":"page","link":"https:\/\/megarentall.com.br\/index.php\/informatica\/","title":{"rendered":"Inform\u00e1tica"},"content":{"rendered":"<p><img loading=\"lazy\" decoding=\"async\" class=\"alignnone size-full wp-image-122\" alt=\"TIT-PNG_INFORMATICA\" src=\"http:\/\/megarentall.com.br\/wp-content\/uploads\/2014\/10\/TIT-PNG_INFORMATICA.png\" width=\"930\" height=\"104\" srcset=\"https:\/\/megarentall.com.br\/wp-content\/uploads\/2014\/10\/TIT-PNG_INFORMATICA.png 930w, https:\/\/megarentall.com.br\/wp-content\/uploads\/2014\/10\/TIT-PNG_INFORMATICA-300x33.png 300w, https:\/\/megarentall.com.br\/wp-content\/uploads\/2014\/10\/TIT-PNG_INFORMATICA-250x27.png 250w, https:\/\/megarentall.com.br\/wp-content\/uploads\/2014\/10\/TIT-PNG_INFORMATICA-150x16.png 150w\" sizes=\"(max-width: 930px) 100vw, 930px\" \/><\/p>\n<p style=\"text-align: justify;\">Trabalhando somente com os melhores equipamentos de Inform\u00e1tica para cada aplica\u00e7\u00e3o e tecnologias padronizadas, a <strong>MegaRentall<\/strong> consegue obter a melhor rela\u00e7\u00e3o custo \/ benef\u00edcio, o que se traduz em vantagens para seus clientes.<\/p>\n<p style=\"text-align: justify;\">Nossa linha de produtos:<\/p>\n<ul>\n<li>Ipad 2 com 3G;<\/li>\n<li>Ipad 2 com wi-fi;<\/li>\n<li>Notebooks;<\/li>\n<li>Computadores;<\/li>\n<li>Monitores;<\/li>\n<li>Impressoras;<\/li>\n<li>Modem;<\/li>\n<li>Cadeiras e mesas para computador.<\/li>\n<\/ul>\n<p style=\"text-align: justify;\"><em><strong>FOTOS ILUSTRATIVAS<\/strong><\/em><\/p>\n<p style=\"text-align: justify;\"><img loading=\"lazy\" decoding=\"async\" class=\"aligncenter size-full wp-image-161\" alt=\"FIG_COMPUTADOR\" src=\"http:\/\/megarentall.com.br\/wp-content\/uploads\/2014\/10\/FIG_COMPUTADOR.jpg\" width=\"834\" height=\"276\" srcset=\"https:\/\/megarentall.com.br\/wp-content\/uploads\/2014\/10\/FIG_COMPUTADOR.jpg 834w, https:\/\/megarentall.com.br\/wp-content\/uploads\/2014\/10\/FIG_COMPUTADOR-300x99.jpg 300w, https:\/\/megarentall.com.br\/wp-content\/uploads\/2014\/10\/FIG_COMPUTADOR-250x82.jpg 250w, https:\/\/megarentall.com.br\/wp-content\/uploads\/2014\/10\/FIG_COMPUTADOR-150x49.jpg 150w\" sizes=\"(max-width: 834px) 100vw, 834px\" \/><\/p>\n<p style=\"text-align: justify;\"><img loading=\"lazy\" decoding=\"async\" class=\"aligncenter size-full wp-image-163\" alt=\"FIG_IMPRESSORASS\" src=\"http:\/\/megarentall.com.br\/wp-content\/uploads\/2014\/10\/FIG_IMPRESSORASS.jpg\" width=\"834\" height=\"276\" srcset=\"https:\/\/megarentall.com.br\/wp-content\/uploads\/2014\/10\/FIG_IMPRESSORASS.jpg 834w, https:\/\/megarentall.com.br\/wp-content\/uploads\/2014\/10\/FIG_IMPRESSORASS-300x99.jpg 300w, https:\/\/megarentall.com.br\/wp-content\/uploads\/2014\/10\/FIG_IMPRESSORASS-250x82.jpg 250w, https:\/\/megarentall.com.br\/wp-content\/uploads\/2014\/10\/FIG_IMPRESSORASS-150x49.jpg 150w\" sizes=\"(max-width: 834px) 100vw, 834px\" \/><\/p>\n<p style=\"text-align: justify;\"><img loading=\"lazy\" decoding=\"async\" class=\"aligncenter size-full wp-image-165\" alt=\"FIG_REDES\" src=\"http:\/\/megarentall.com.br\/wp-content\/uploads\/2014\/10\/FIG_REDES.jpg\" width=\"834\" height=\"276\" srcset=\"https:\/\/megarentall.com.br\/wp-content\/uploads\/2014\/10\/FIG_REDES.jpg 834w, https:\/\/megarentall.com.br\/wp-content\/uploads\/2014\/10\/FIG_REDES-300x99.jpg 300w, https:\/\/megarentall.com.br\/wp-content\/uploads\/2014\/10\/FIG_REDES-250x82.jpg 250w, https:\/\/megarentall.com.br\/wp-content\/uploads\/2014\/10\/FIG_REDES-150x49.jpg 150w\" sizes=\"(max-width: 834px) 100vw, 834px\" \/><\/p>\n<p style=\"text-align: justify;\"><img loading=\"lazy\" decoding=\"async\" class=\"aligncenter size-full wp-image-166\" alt=\"FIG_OUTROS\" src=\"http:\/\/megarentall.com.br\/wp-content\/uploads\/2014\/10\/FIG_OUTROS.jpg\" width=\"834\" height=\"276\" srcset=\"https:\/\/megarentall.com.br\/wp-content\/uploads\/2014\/10\/FIG_OUTROS.jpg 834w, https:\/\/megarentall.com.br\/wp-content\/uploads\/2014\/10\/FIG_OUTROS-300x99.jpg 300w, https:\/\/megarentall.com.br\/wp-content\/uploads\/2014\/10\/FIG_OUTROS-250x82.jpg 250w, https:\/\/megarentall.com.br\/wp-content\/uploads\/2014\/10\/FIG_OUTROS-150x49.jpg 150w\" sizes=\"(max-width: 834px) 100vw, 834px\" \/><\/p>\n","protected":false},"excerpt":{"rendered":"<p>Trabalhando somente com os melhores equipamentos de Inform\u00e1tica para cada aplica\u00e7\u00e3o e tecnologias padronizadas, a MegaRentall consegue obter a melhor rela\u00e7\u00e3o custo \/ benef\u00edcio, o que se traduz em vantagens para seus clientes. Nossa linha de produtos: Ipad 2 com 3G; Ipad 2 com wi-fi; Notebooks; Computadores; Monitores; Impressoras; Modem; \u2026 <a href=\"https:\/\/megarentall.com.br\/index.php\/informatica\/\"> Continue reading <span class=\"meta-nav\">&rarr; <\/span><\/a><\/p>\n","protected":false},"author":1,"featured_media":0,"parent":0,"menu_order":11,"comment_status":"closed","ping_status":"closed","template":"template-onecolumn.php","meta":{"footnotes":""},"_links":{"self":[{"href":"https:\/\/megarentall.com.br\/index.php\/wp-json\/wp\/v2\/pages\/35"}],"collection":[{"href":"https:\/\/megarentall.com.br\/index.php\/wp-json\/wp\/v2\/pages"}],"about":[{"href":"https:\/\/megarentall.com.br\/index.php\/wp-json\/wp\/v2\/types\/page"}],"author":[{"embeddable":true,"href":"https:\/\/megarentall.com.br\/index.php\/wp-json\/wp\/v2\/users\/1"}],"replies":[{"embeddable":true,"href":"https:\/\/megarentall.com.br\/index.php\/wp-json\/wp\/v2\/comments?post=35"}],"version-history":[{"count":6,"href":"https:\/\/megarentall.com.br\/index.php\/wp-json\/wp\/v2\/pages\/35\/revisions"}],"predecessor-version":[{"id":167,"href":"https:\/\/megarentall.com.br\/index.php\/wp-json\/wp\/v2\/pages\/35\/revisions\/167"}],"wp:attachment":[{"href":"https:\/\/megarentall.com.br\/index.php\/wp-json\/wp\/v2\/media?parent=35"}],"curies":[{"name":"wp","href":"https:\/\/api.w.org\/{rel}","templated":true}]}}