{"id":32,"date":"2014-10-15T12:19:37","date_gmt":"2014-10-15T12:19:37","guid":{"rendered":"http:\/\/megarentall.com.br\/?page_id=32"},"modified":"2014-11-03T16:24:14","modified_gmt":"2014-11-03T16:24:14","slug":"audiovisual","status":"publish","type":"page","link":"https:\/\/megarentall.com.br\/index.php\/audiovisual\/","title":{"rendered":"Audiovisual"},"content":{"rendered":"<p><img loading=\"lazy\" decoding=\"async\" class=\"alignnone size-full wp-image-120\" alt=\"TIT-PNG_AUDIOVISUAL\" src=\"http:\/\/megarentall.com.br\/wp-content\/uploads\/2014\/10\/TIT-PNG_AUDIOVISUAL.png\" width=\"930\" height=\"104\" srcset=\"https:\/\/megarentall.com.br\/wp-content\/uploads\/2014\/10\/TIT-PNG_AUDIOVISUAL.png 930w, https:\/\/megarentall.com.br\/wp-content\/uploads\/2014\/10\/TIT-PNG_AUDIOVISUAL-300x33.png 300w, https:\/\/megarentall.com.br\/wp-content\/uploads\/2014\/10\/TIT-PNG_AUDIOVISUAL-250x27.png 250w, https:\/\/megarentall.com.br\/wp-content\/uploads\/2014\/10\/TIT-PNG_AUDIOVISUAL-150x16.png 150w\" sizes=\"(max-width: 930px) 100vw, 930px\" \/><\/p>\n<p style=\"text-align: justify;\">A <strong>MegaRentall<\/strong> \u00a0utiliza as mais recentes tecnologias com foco na implanta\u00e7\u00e3o e gerenciamento de\u00a0 solu\u00e7\u00f5es para as necessidades de infraestrutura e conting\u00eancia de seus clientes que precisam de loca\u00e7\u00e3o de equipamentos audiovisuais.<\/p>\n<p style=\"text-align: justify;\">Oferecemos as melhores condi\u00e7\u00f5es e os melhores e mais avan\u00e7ados aparelhos em sua loca\u00e7\u00e3o de equipamentos audiovisuais para todos os tipos e tamanhos de eventos.<\/p>\n<p><em><strong>Nossa linha de produtos de V\u00cdDEO<\/strong><\/em><\/p>\n<ul>\n<li>Videowall sem bordas Full HD;<\/li>\n<li>TV de LCD;<\/li>\n<li>TV de LED;<\/li>\n<li>TV 3D;<\/li>\n<li>Monitor touch screen 17&#8243;, 42 e 50&#8243;;<\/li>\n<li>Tv Pentouch 50&#8243;;<\/li>\n<li>Projetores 2.000 a 15.000 Lumens.<\/li>\n<\/ul>\n<p><strong><em>FOTOS ILUSTRATIVAS<\/em><\/strong><\/p>\n<p style=\"text-align: center;\"><img loading=\"lazy\" decoding=\"async\" class=\"aligncenter size-full wp-image-153\" alt=\"AUDIVIS_01\" src=\"http:\/\/megarentall.com.br\/wp-content\/uploads\/2014\/10\/AUDIVIS_01.jpg\" width=\"834\" height=\"276\" srcset=\"https:\/\/megarentall.com.br\/wp-content\/uploads\/2014\/10\/AUDIVIS_01.jpg 834w, https:\/\/megarentall.com.br\/wp-content\/uploads\/2014\/10\/AUDIVIS_01-300x99.jpg 300w, https:\/\/megarentall.com.br\/wp-content\/uploads\/2014\/10\/AUDIVIS_01-250x82.jpg 250w, https:\/\/megarentall.com.br\/wp-content\/uploads\/2014\/10\/AUDIVIS_01-150x49.jpg 150w\" sizes=\"(max-width: 834px) 100vw, 834px\" \/><\/p>\n<p style=\"text-align: center;\"><img loading=\"lazy\" decoding=\"async\" class=\"aligncenter size-full wp-image-154\" alt=\"AUDIVIS_02\" src=\"http:\/\/megarentall.com.br\/wp-content\/uploads\/2014\/10\/AUDIVIS_02.jpg\" width=\"834\" height=\"276\" srcset=\"https:\/\/megarentall.com.br\/wp-content\/uploads\/2014\/10\/AUDIVIS_02.jpg 834w, https:\/\/megarentall.com.br\/wp-content\/uploads\/2014\/10\/AUDIVIS_02-300x99.jpg 300w, https:\/\/megarentall.com.br\/wp-content\/uploads\/2014\/10\/AUDIVIS_02-250x82.jpg 250w, https:\/\/megarentall.com.br\/wp-content\/uploads\/2014\/10\/AUDIVIS_02-150x49.jpg 150w\" sizes=\"(max-width: 834px) 100vw, 834px\" \/><\/p>\n<p><em><strong>Nossa linha de produtos de \u00c1UDIO<\/strong><\/em><\/p>\n<ul>\n<li>Microfones bast\u00e3o sem fio;<\/li>\n<li>Microfones headset sem fio;<\/li>\n<li>Microfones lapela sem fio;<\/li>\n<li>Caixas de som;<\/li>\n<li>Mesas de som;<\/li>\n<li>Som ambiente.<\/li>\n<\/ul>\n<p><strong><em>FOTOS ILUSTRATIVAS<\/em><\/strong><\/p>\n<p><img loading=\"lazy\" decoding=\"async\" class=\"aligncenter size-full wp-image-156\" alt=\"AUDIVIS_03\" src=\"http:\/\/megarentall.com.br\/wp-content\/uploads\/2014\/10\/AUDIVIS_03.jpg\" width=\"834\" height=\"276\" srcset=\"https:\/\/megarentall.com.br\/wp-content\/uploads\/2014\/10\/AUDIVIS_03.jpg 834w, https:\/\/megarentall.com.br\/wp-content\/uploads\/2014\/10\/AUDIVIS_03-300x99.jpg 300w, https:\/\/megarentall.com.br\/wp-content\/uploads\/2014\/10\/AUDIVIS_03-250x82.jpg 250w, https:\/\/megarentall.com.br\/wp-content\/uploads\/2014\/10\/AUDIVIS_03-150x49.jpg 150w\" sizes=\"(max-width: 834px) 100vw, 834px\" \/><\/p>\n","protected":false},"excerpt":{"rendered":"<p>A MegaRentall \u00a0utiliza as mais recentes tecnologias com foco na implanta\u00e7\u00e3o e gerenciamento de\u00a0 solu\u00e7\u00f5es para as necessidades de infraestrutura e conting\u00eancia de seus clientes que precisam de loca\u00e7\u00e3o de equipamentos audiovisuais. Oferecemos as melhores condi\u00e7\u00f5es e os melhores e mais avan\u00e7ados aparelhos em sua loca\u00e7\u00e3o de equipamentos audiovisuais para \u2026 <a href=\"https:\/\/megarentall.com.br\/index.php\/audiovisual\/\"> Continue reading <span class=\"meta-nav\">&rarr; <\/span><\/a><\/p>\n","protected":false},"author":1,"featured_media":0,"parent":0,"menu_order":10,"comment_status":"closed","ping_status":"closed","template":"template-onecolumn.php","meta":{"footnotes":""},"_links":{"self":[{"href":"https:\/\/megarentall.com.br\/index.php\/wp-json\/wp\/v2\/pages\/32"}],"collection":[{"href":"https:\/\/megarentall.com.br\/index.php\/wp-json\/wp\/v2\/pages"}],"about":[{"href":"https:\/\/megarentall.com.br\/index.php\/wp-json\/wp\/v2\/types\/page"}],"author":[{"embeddable":true,"href":"https:\/\/megarentall.com.br\/index.php\/wp-json\/wp\/v2\/users\/1"}],"replies":[{"embeddable":true,"href":"https:\/\/megarentall.com.br\/index.php\/wp-json\/wp\/v2\/comments?post=32"}],"version-history":[{"count":6,"href":"https:\/\/megarentall.com.br\/index.php\/wp-json\/wp\/v2\/pages\/32\/revisions"}],"predecessor-version":[{"id":158,"href":"https:\/\/megarentall.com.br\/index.php\/wp-json\/wp\/v2\/pages\/32\/revisions\/158"}],"wp:attachment":[{"href":"https:\/\/megarentall.com.br\/index.php\/wp-json\/wp\/v2\/media?parent=32"}],"curies":[{"name":"wp","href":"https:\/\/api.w.org\/{rel}","templated":true}]}}