{"id":30,"date":"2014-10-15T12:19:56","date_gmt":"2014-10-15T12:19:56","guid":{"rendered":"http:\/\/megarentall.com.br\/?page_id=30"},"modified":"2014-11-03T16:03:06","modified_gmt":"2014-11-03T16:03:06","slug":"empresa","status":"publish","type":"page","link":"https:\/\/megarentall.com.br\/index.php\/empresa\/","title":{"rendered":"Empresa"},"content":{"rendered":"<p><img loading=\"lazy\" decoding=\"async\" class=\"alignnone size-full wp-image-118\" alt=\"TIT-PNG_EMPRESA\" src=\"http:\/\/megarentall.com.br\/wp-content\/uploads\/2014\/10\/TIT-PNG_EMPRESA.png\" width=\"930\" height=\"104\" srcset=\"https:\/\/megarentall.com.br\/wp-content\/uploads\/2014\/10\/TIT-PNG_EMPRESA.png 930w, https:\/\/megarentall.com.br\/wp-content\/uploads\/2014\/10\/TIT-PNG_EMPRESA-300x33.png 300w, https:\/\/megarentall.com.br\/wp-content\/uploads\/2014\/10\/TIT-PNG_EMPRESA-250x27.png 250w, https:\/\/megarentall.com.br\/wp-content\/uploads\/2014\/10\/TIT-PNG_EMPRESA-150x16.png 150w\" sizes=\"(max-width: 930px) 100vw, 930px\" \/><\/p>\n<p style=\"text-align: justify;\">A\u00a0<strong><em>MegaRentall<\/em><\/strong>\u00a0\u00e9 especializada em loca\u00e7\u00e3o de equipamentos de \u00e1udio, v\u00eddeo e inform\u00e1tica para eventos.<\/p>\n<p style=\"text-align: justify;\">Com mais de 10 anos de experi\u00eancia no mercado, hoje somos a maior empresa em loca\u00e7\u00e3o de\u00a0<strong><em>v\u00eddeo wall<\/em><\/strong>\u00a0 e\u00a0\u00a0<strong><em>Box Truss<\/em><\/strong>\u00a0, onde realizamos loca\u00e7\u00e3o de equipamentos para as maiores feiras, congressos, shows, confraterniza\u00e7\u00f5es, casamentos e at\u00e9 festas de anivers\u00e1rio.<\/p>\n<p style=\"text-align: justify;\">Possu\u00edmos um departamento comercial que oferece a melhor solu\u00e7\u00e3o, com menor custo, para o seu evento. Nossa miss\u00e3o \u00e9 atender as necessidades do cliente realizando a loca\u00e7\u00e3o do que ele realmente precisa. N\u00e3o pretendemos alugar mais equipamentos daqueles que sejam efetivamente necess\u00e1rios.<\/p>\n<p style=\"text-align: justify;\">Com equipamentos novos e de \u00faltima gera\u00e7\u00e3o oferecemos a solu\u00e7\u00e3o ideal principalmente na loca\u00e7\u00e3o de\u00a0<em><strong>video wall, tv, touchscreen, painel de LED, Box Truss e Sonoriza\u00e7\u00e3o Line.<\/strong><\/em><\/p>\n<p style=\"text-align: justify;\">Quando voc\u00ea realiza a loca\u00e7\u00e3o, nossa \u00e1rea de log\u00edstica recebe seu pedido, separa o material, efetua todos os testes nos equipamentos enviando tudo para o local do seu evento com agilidade, seguran\u00e7a\u00a0 e comprometimento.<\/p>\n<p style=\"text-align: justify;\">Nosso departamento t\u00e9cnico \u00e9 composto de profissionais treinados e capacitados para a realiza\u00e7\u00e3o da montagem do seu evento, n\u00e3o importando o tamanho do mesmo.<\/p>\n<p style=\"text-align: justify;\">Durante o seu evento, nossa equipe estar\u00e1 a postos para solucionar problemas t\u00e9cnicos que possam ocorrer e, caso seja necess\u00e1rio, substituir qualquer equipamento que apresente defeito.<\/p>\n<p style=\"text-align: justify;\">Acesse o menu\u00a0<em><strong>Loca\u00e7\u00e3o<\/strong><\/em>\u00a0e conhe\u00e7a nossa linha de produtos que vai\u00a0 tornar seu evento inesquec\u00edvel.<\/p>\n<p>&nbsp;<\/p>\n","protected":false},"excerpt":{"rendered":"<p>A\u00a0MegaRentall\u00a0\u00e9 especializada em loca\u00e7\u00e3o de equipamentos de \u00e1udio, v\u00eddeo e inform\u00e1tica para eventos. Com mais de 10 anos de experi\u00eancia no mercado, hoje somos a maior empresa em loca\u00e7\u00e3o de\u00a0v\u00eddeo wall\u00a0 e\u00a0\u00a0Box Truss\u00a0, onde realizamos loca\u00e7\u00e3o de equipamentos para as maiores feiras, congressos, shows, confraterniza\u00e7\u00f5es, casamentos e at\u00e9 festas de \u2026 <a href=\"https:\/\/megarentall.com.br\/index.php\/empresa\/\"> Continue reading <span class=\"meta-nav\">&rarr; <\/span><\/a><\/p>\n","protected":false},"author":1,"featured_media":0,"parent":0,"menu_order":1,"comment_status":"closed","ping_status":"closed","template":"template-onecolumn.php","meta":{"footnotes":""},"_links":{"self":[{"href":"https:\/\/megarentall.com.br\/index.php\/wp-json\/wp\/v2\/pages\/30"}],"collection":[{"href":"https:\/\/megarentall.com.br\/index.php\/wp-json\/wp\/v2\/pages"}],"about":[{"href":"https:\/\/megarentall.com.br\/index.php\/wp-json\/wp\/v2\/types\/page"}],"author":[{"embeddable":true,"href":"https:\/\/megarentall.com.br\/index.php\/wp-json\/wp\/v2\/users\/1"}],"replies":[{"embeddable":true,"href":"https:\/\/megarentall.com.br\/index.php\/wp-json\/wp\/v2\/comments?post=30"}],"version-history":[{"count":5,"href":"https:\/\/megarentall.com.br\/index.php\/wp-json\/wp\/v2\/pages\/30\/revisions"}],"predecessor-version":[{"id":151,"href":"https:\/\/megarentall.com.br\/index.php\/wp-json\/wp\/v2\/pages\/30\/revisions\/151"}],"wp:attachment":[{"href":"https:\/\/megarentall.com.br\/index.php\/wp-json\/wp\/v2\/media?parent=30"}],"curies":[{"name":"wp","href":"https:\/\/api.w.org\/{rel}","templated":true}]}}